{"id":313,"date":"2024-12-11T10:41:45","date_gmt":"2024-12-11T10:41:45","guid":{"rendered":"https:\/\/papillonbleu54.fr\/?page_id=313"},"modified":"2025-03-21T16:41:28","modified_gmt":"2025-03-21T16:41:28","slug":"seances-individuelles","status":"publish","type":"page","link":"https:\/\/papillonbleu54.fr\/?page_id=313","title":{"rendered":"S\u00e9ances individuelles"},"content":{"rendered":"\n<p>Une s\u00e9ance individuelle en art-th\u00e9rapie est un espace s\u00e9curis\u00e9 et sans jugement qui permet d&rsquo;exprimer ses \u00e9motions.<\/p>\n\n\n\n<p>Pendant la premi\u00e8re rencontre nous \u00e9tablirons ensemble des axes de travail. Lors des s\u00e9ances suivantes nous utiliserons diff\u00e9rents mat\u00e9riaux pour tenter de les atteindre. En laissant \u00e0 l&rsquo;inconscient l&rsquo;espace de d\u00e9poser d&rsquo;autres \u00e9l\u00e9ments \u00e0 travailler.<\/p>\n\n\n\n<p>Durant 1h30, je serai pr\u00e9sente \u00e0 vos c\u00f4t\u00e9s pour vous guider dans l&rsquo;utilisation des diff\u00e9rents m\u00e9diums. A la fin du temps de cr\u00e9ation, je vous inviterai \u00e0&nbsp; vous questionner sur vos \u0153uvres, vos ressentis. Je serai pr\u00e9sente pour \u00eatre \u00e0 l&rsquo;\u00e9coute de ces derniers, et vous aider \u00e0 trouver vos propres solutions, \u00e0 vous lib\u00e9rer de vos peurs. Je serai l\u00e0 en soutien pour vous aider \u00e0 retrouver votre \u00ab\u00a0\u00e9lan cr\u00e9ateur\u00a0\u00bb.<\/p>\n\n\n\n<p>Le r\u00e9sultat n\u2019est pas l\u2019objectif principal mais c\u2019est le processus qui est primordial.<strong><\/strong><\/p>\n\n\n\n<p>Les s\u00e9ances sont des objets transitionnels permettant de faire le lien entre la vie int\u00e9rieure (la vie psychique de la personne ) et l\u2019ext\u00e9rieur ( les sensations, la parole, l\u2019\u00e9change pendant la pratique avec l\u2019art-th\u00e9rapeute mais aussi avec les autres participants\u2026) .<\/p>\n\n\n\n<h2 class=\"wp-block-heading\">Tarifs<\/h2>\n\n\n\n<p>Public concern\u00e9 : Adulte\/Enfant\/Ado\/Personne \u00e2g\u00e9e<\/p>\n\n\n\n<ul>\n<li>S\u00e9ance de rencontre de 45 min : <strong>25\u20ac<\/strong><\/li>\n\n\n\n<li>S\u00e9ance d&rsquo;art-th\u00e9rapie d&rsquo;1h00 : <strong>60 \u20ac<\/strong><\/li>\n\n\n\n<li>S\u00e9ance d&rsquo;art-th\u00e9rapie d&rsquo;1h30 : <strong>70\u20ac<\/strong><\/li>\n<\/ul>\n","protected":false},"excerpt":{"rendered":"<p>Une s\u00e9ance individuelle en art-th\u00e9rapie est un espace s\u00e9curis\u00e9 et sans jugement qui permet d&rsquo;exprimer ses \u00e9motions. Pendant la premi\u00e8re [&hellip;]<\/p>\n","protected":false},"author":1,"featured_media":0,"parent":0,"menu_order":0,"comment_status":"closed","ping_status":"closed","template":"","meta":{"site-sidebar-layout":"default","site-content-layout":"","ast-site-content-layout":"","site-content-style":"default","site-sidebar-style":"default","ast-global-header-display":"","ast-banner-title-visibility":"","ast-main-header-display":"","ast-hfb-above-header-display":"","ast-hfb-below-header-display":"","ast-hfb-mobile-header-display":"","site-post-title":"","ast-breadcrumbs-content":"","ast-featured-img":"","footer-sml-layout":"","theme-transparent-header-meta":"","adv-header-id-meta":"","stick-header-meta":"","header-above-stick-meta":"","header-main-stick-meta":"","header-below-stick-meta":"","astra-migrate-meta-layouts":"default","ast-page-background-enabled":"default","ast-page-background-meta":{"desktop":{"background-color":"var(--ast-global-color-4)","background-image":"","background-repeat":"repeat","background-position":"center center","background-size":"auto","background-attachment":"scroll","background-type":"","background-media":"","overlay-type":"","overlay-color":"","overlay-opacity":"","overlay-gradient":""},"tablet":{"background-color":"","background-image":"","background-repeat":"repeat","background-position":"center center","background-size":"auto","background-attachment":"scroll","background-type":"","background-media":"","overlay-type":"","overlay-color":"","overlay-opacity":"","overlay-gradient":""},"mobile":{"background-color":"","background-image":"","background-repeat":"repeat","background-position":"center center","background-size":"auto","background-attachment":"scroll","background-type":"","background-media":"","overlay-type":"","overlay-color":"","overlay-opacity":"","overlay-gradient":""}},"ast-content-background-meta":{"desktop":{"background-color":"var(--ast-global-color-5)","background-image":"","background-repeat":"repeat","background-position":"center center","background-size":"auto","background-attachment":"scroll","background-type":"","background-media":"","overlay-type":"","overlay-color":"","overlay-opacity":"","overlay-gradient":""},"tablet":{"background-color":"var(--ast-global-color-5)","background-image":"","background-repeat":"repeat","background-position":"center center","background-size":"auto","background-attachment":"scroll","background-type":"","background-media":"","overlay-type":"","overlay-color":"","overlay-opacity":"","overlay-gradient":""},"mobile":{"background-color":"var(--ast-global-color-5)","background-image":"","background-repeat":"repeat","background-position":"center center","background-size":"auto","background-attachment":"scroll","background-type":"","background-media":"","overlay-type":"","overlay-color":"","overlay-opacity":"","overlay-gradient":""}},"footnotes":""},"_links":{"self":[{"href":"https:\/\/papillonbleu54.fr\/index.php?rest_route=\/wp\/v2\/pages\/313"}],"collection":[{"href":"https:\/\/papillonbleu54.fr\/index.php?rest_route=\/wp\/v2\/pages"}],"about":[{"href":"https:\/\/papillonbleu54.fr\/index.php?rest_route=\/wp\/v2\/types\/page"}],"author":[{"embeddable":true,"href":"https:\/\/papillonbleu54.fr\/index.php?rest_route=\/wp\/v2\/users\/1"}],"replies":[{"embeddable":true,"href":"https:\/\/papillonbleu54.fr\/index.php?rest_route=%2Fwp%2Fv2%2Fcomments&post=313"}],"version-history":[{"count":5,"href":"https:\/\/papillonbleu54.fr\/index.php?rest_route=\/wp\/v2\/pages\/313\/revisions"}],"predecessor-version":[{"id":559,"href":"https:\/\/papillonbleu54.fr\/index.php?rest_route=\/wp\/v2\/pages\/313\/revisions\/559"}],"wp:attachment":[{"href":"https:\/\/papillonbleu54.fr\/index.php?rest_route=%2Fwp%2Fv2%2Fmedia&parent=313"}],"curies":[{"name":"wp","href":"https:\/\/api.w.org\/{rel}","templated":true}]}}