{"id":315,"date":"2024-12-11T10:41:45","date_gmt":"2024-12-11T10:41:45","guid":{"rendered":"https:\/\/papillonbleu54.fr\/?page_id=315"},"modified":"2024-12-11T14:59:53","modified_gmt":"2024-12-11T14:59:53","slug":"seances-collectives","status":"publish","type":"page","link":"https:\/\/papillonbleu54.fr\/?page_id=315","title":{"rendered":"S\u00e9ances collectives"},"content":{"rendered":"\n<p>Dans mes ateliers en groupe, je fais d\u00e9couvrir aux participants diff\u00e9rents m\u00e9diums&nbsp;et disciplines artistiques (peinture, collage, modelage, \u00e9criture, th\u00e9\u00e2tre d&rsquo;improvisation).<\/p>\n\n\n\n<p>Ces th\u00e8mes sont vari\u00e9s et peuvent \u00eatre approfondis au rythme de chacun. Apr\u00e8s un temps de cr\u00e9ation, les participants\u00a0ont ensuite l\u2019occasion de partager leurs exp\u00e9riences en se servant de l\u2019art pour nourrir leur propre processus de transformation, dans un climat de respect et sans jugement.<\/p>\n\n\n\n<h2 class=\"wp-block-heading\">Tarifs<\/h2>\n\n\n\n<p>Public concern\u00e9 : Adulte\/Enfant\/Ado\/Personne \u00e2g\u00e9e<\/p>\n\n\n\n<p><strong>Sur devis<\/strong> en fonction de vos besoins et du nombre de personne<\/p>\n","protected":false},"excerpt":{"rendered":"<p>Dans mes ateliers en groupe, je fais d\u00e9couvrir aux participants diff\u00e9rents m\u00e9diums&nbsp;et disciplines artistiques (peinture, collage, modelage, \u00e9criture, th\u00e9\u00e2tre d&rsquo;improvisation). [&hellip;]<\/p>\n","protected":false},"author":1,"featured_media":0,"parent":0,"menu_order":0,"comment_status":"closed","ping_status":"closed","template":"","meta":{"site-sidebar-layout":"default","site-content-layout":"","ast-site-content-layout":"","site-content-style":"default","site-sidebar-style":"default","ast-global-header-display":"","ast-banner-title-visibility":"","ast-main-header-display":"","ast-hfb-above-header-display":"","ast-hfb-below-header-display":"","ast-hfb-mobile-header-display":"","site-post-title":"","ast-breadcrumbs-content":"","ast-featured-img":"","footer-sml-layout":"","theme-transparent-header-meta":"","adv-header-id-meta":"","stick-header-meta":"","header-above-stick-meta":"","header-main-stick-meta":"","header-below-stick-meta":"","astra-migrate-meta-layouts":"default","ast-page-background-enabled":"default","ast-page-background-meta":{"desktop":{"background-color":"var(--ast-global-color-4)","background-image":"","background-repeat":"repeat","background-position":"center center","background-size":"auto","background-attachment":"scroll","background-type":"","background-media":"","overlay-type":"","overlay-color":"","overlay-opacity":"","overlay-gradient":""},"tablet":{"background-color":"","background-image":"","background-repeat":"repeat","background-position":"center center","background-size":"auto","background-attachment":"scroll","background-type":"","background-media":"","overlay-type":"","overlay-color":"","overlay-opacity":"","overlay-gradient":""},"mobile":{"background-color":"","background-image":"","background-repeat":"repeat","background-position":"center center","background-size":"auto","background-attachment":"scroll","background-type":"","background-media":"","overlay-type":"","overlay-color":"","overlay-opacity":"","overlay-gradient":""}},"ast-content-background-meta":{"desktop":{"background-color":"var(--ast-global-color-5)","background-image":"","background-repeat":"repeat","background-position":"center center","background-size":"auto","background-attachment":"scroll","background-type":"","background-media":"","overlay-type":"","overlay-color":"","overlay-opacity":"","overlay-gradient":""},"tablet":{"background-color":"var(--ast-global-color-5)","background-image":"","background-repeat":"repeat","background-position":"center center","background-size":"auto","background-attachment":"scroll","background-type":"","background-media":"","overlay-type":"","overlay-color":"","overlay-opacity":"","overlay-gradient":""},"mobile":{"background-color":"var(--ast-global-color-5)","background-image":"","background-repeat":"repeat","background-position":"center center","background-size":"auto","background-attachment":"scroll","background-type":"","background-media":"","overlay-type":"","overlay-color":"","overlay-opacity":"","overlay-gradient":""}},"footnotes":""},"_links":{"self":[{"href":"https:\/\/papillonbleu54.fr\/index.php?rest_route=\/wp\/v2\/pages\/315"}],"collection":[{"href":"https:\/\/papillonbleu54.fr\/index.php?rest_route=\/wp\/v2\/pages"}],"about":[{"href":"https:\/\/papillonbleu54.fr\/index.php?rest_route=\/wp\/v2\/types\/page"}],"author":[{"embeddable":true,"href":"https:\/\/papillonbleu54.fr\/index.php?rest_route=\/wp\/v2\/users\/1"}],"replies":[{"embeddable":true,"href":"https:\/\/papillonbleu54.fr\/index.php?rest_route=%2Fwp%2Fv2%2Fcomments&post=315"}],"version-history":[{"count":5,"href":"https:\/\/papillonbleu54.fr\/index.php?rest_route=\/wp\/v2\/pages\/315\/revisions"}],"predecessor-version":[{"id":395,"href":"https:\/\/papillonbleu54.fr\/index.php?rest_route=\/wp\/v2\/pages\/315\/revisions\/395"}],"wp:attachment":[{"href":"https:\/\/papillonbleu54.fr\/index.php?rest_route=%2Fwp%2Fv2%2Fmedia&parent=315"}],"curies":[{"name":"wp","href":"https:\/\/api.w.org\/{rel}","templated":true}]}}