{"id":316,"date":"2024-12-11T10:41:46","date_gmt":"2024-12-11T10:41:46","guid":{"rendered":"https:\/\/papillonbleu54.fr\/?page_id=316"},"modified":"2024-12-11T14:59:45","modified_gmt":"2024-12-11T14:59:45","slug":"seance-en-institution","status":"publish","type":"page","link":"https:\/\/papillonbleu54.fr\/?page_id=316","title":{"rendered":"S\u00e9ance en institution"},"content":{"rendered":"\n<p>L&rsquo;art-th\u00e9rapie offre de nombreux avantages au sein des institutions. Elle favorise <strong>l&rsquo;expression cr\u00e9ative <\/strong>et permet aux participants de <strong>communiquer leurs \u00e9motions et leurs exp\u00e9riences<\/strong> de mani\u00e8re non verbale. De plus, l&rsquo;art-th\u00e9rapie renforce <strong>la coh\u00e9sion<\/strong> au sein des groupes.<\/p>\n\n\n\n<p>Aujourd&rsquo;hui Je propose des<strong> <\/strong>s\u00e9ances d\u2019art-th\u00e9rapie<strong> individuelles<\/strong> ou<strong> collectives<\/strong> au sein de <strong>toute institution<\/strong> : E.H.P.A.D, structures m\u00e9dicales, sociales, centres hospitaliers, associations, milieu scolaire\u2026<\/p>\n\n\n\n<p>Les s\u00e9ances durent g\u00e9n\u00e9ralement <strong>1h30 \u00e0 2h00 , <\/strong>en respectant le rythme de chacun.<\/p>\n\n\n\n<p><strong>Un protocole th\u00e9rapeutique<\/strong> est d\u00e9fini\u00a0avec la structure afin de construire des<strong> objectifs th\u00e9rapeutiques<\/strong> et d\u2019optimiser les bienfaits de la prise en soin.\u00a0<\/p>\n\n\n\n<h2 class=\"wp-block-heading\">Tarifs<\/h2>\n\n\n\n<p>Public concern\u00e9 : Adulte\/Enfant\/Ado\/Personne \u00e2g\u00e9e<\/p>\n\n\n\n<p><strong>Sur devis<\/strong> en fonction de vos besoins et du nombre de personne<\/p>\n","protected":false},"excerpt":{"rendered":"<p>L&rsquo;art-th\u00e9rapie offre de nombreux avantages au sein des institutions. Elle favorise l&rsquo;expression cr\u00e9ative et permet aux participants de communiquer leurs [&hellip;]<\/p>\n","protected":false},"author":1,"featured_media":0,"parent":0,"menu_order":0,"comment_status":"closed","ping_status":"closed","template":"","meta":{"site-sidebar-layout":"default","site-content-layout":"","ast-site-content-layout":"","site-content-style":"default","site-sidebar-style":"default","ast-global-header-display":"","ast-banner-title-visibility":"","ast-main-header-display":"","ast-hfb-above-header-display":"","ast-hfb-below-header-display":"","ast-hfb-mobile-header-display":"","site-post-title":"","ast-breadcrumbs-content":"","ast-featured-img":"","footer-sml-layout":"","theme-transparent-header-meta":"","adv-header-id-meta":"","stick-header-meta":"","header-above-stick-meta":"","header-main-stick-meta":"","header-below-stick-meta":"","astra-migrate-meta-layouts":"default","ast-page-background-enabled":"default","ast-page-background-meta":{"desktop":{"background-color":"var(--ast-global-color-4)","background-image":"","background-repeat":"repeat","background-position":"center center","background-size":"auto","background-attachment":"scroll","background-type":"","background-media":"","overlay-type":"","overlay-color":"","overlay-opacity":"","overlay-gradient":""},"tablet":{"background-color":"","background-image":"","background-repeat":"repeat","background-position":"center center","background-size":"auto","background-attachment":"scroll","background-type":"","background-media":"","overlay-type":"","overlay-color":"","overlay-opacity":"","overlay-gradient":""},"mobile":{"background-color":"","background-image":"","background-repeat":"repeat","background-position":"center center","background-size":"auto","background-attachment":"scroll","background-type":"","background-media":"","overlay-type":"","overlay-color":"","overlay-opacity":"","overlay-gradient":""}},"ast-content-background-meta":{"desktop":{"background-color":"var(--ast-global-color-5)","background-image":"","background-repeat":"repeat","background-position":"center center","background-size":"auto","background-attachment":"scroll","background-type":"","background-media":"","overlay-type":"","overlay-color":"","overlay-opacity":"","overlay-gradient":""},"tablet":{"background-color":"var(--ast-global-color-5)","background-image":"","background-repeat":"repeat","background-position":"center center","background-size":"auto","background-attachment":"scroll","background-type":"","background-media":"","overlay-type":"","overlay-color":"","overlay-opacity":"","overlay-gradient":""},"mobile":{"background-color":"var(--ast-global-color-5)","background-image":"","background-repeat":"repeat","background-position":"center center","background-size":"auto","background-attachment":"scroll","background-type":"","background-media":"","overlay-type":"","overlay-color":"","overlay-opacity":"","overlay-gradient":""}},"footnotes":""},"_links":{"self":[{"href":"https:\/\/papillonbleu54.fr\/index.php?rest_route=\/wp\/v2\/pages\/316"}],"collection":[{"href":"https:\/\/papillonbleu54.fr\/index.php?rest_route=\/wp\/v2\/pages"}],"about":[{"href":"https:\/\/papillonbleu54.fr\/index.php?rest_route=\/wp\/v2\/types\/page"}],"author":[{"embeddable":true,"href":"https:\/\/papillonbleu54.fr\/index.php?rest_route=\/wp\/v2\/users\/1"}],"replies":[{"embeddable":true,"href":"https:\/\/papillonbleu54.fr\/index.php?rest_route=%2Fwp%2Fv2%2Fcomments&post=316"}],"version-history":[{"count":3,"href":"https:\/\/papillonbleu54.fr\/index.php?rest_route=\/wp\/v2\/pages\/316\/revisions"}],"predecessor-version":[{"id":394,"href":"https:\/\/papillonbleu54.fr\/index.php?rest_route=\/wp\/v2\/pages\/316\/revisions\/394"}],"wp:attachment":[{"href":"https:\/\/papillonbleu54.fr\/index.php?rest_route=%2Fwp%2Fv2%2Fmedia&parent=316"}],"curies":[{"name":"wp","href":"https:\/\/api.w.org\/{rel}","templated":true}]}}