{"id":360,"date":"2024-12-11T13:52:19","date_gmt":"2024-12-11T13:52:19","guid":{"rendered":"https:\/\/papillonbleu54.fr\/?page_id=360"},"modified":"2024-12-11T15:26:36","modified_gmt":"2024-12-11T15:26:36","slug":"qui-suis-je","status":"publish","type":"page","link":"https:\/\/papillonbleu54.fr\/?page_id=360","title":{"rendered":"Qui suis-je ?"},"content":{"rendered":"\n<div class=\"wp-block-media-text has-media-on-the-right is-stacked-on-mobile\" style=\"grid-template-columns:auto 20%\"><div class=\"wp-block-media-text__content\">\n<p>Riche de mes rencontres et de mes ann\u00e9es d\u2019exp\u00e9riences dans le domaine du m\u00e9dico-social en tant que <strong>Conseill\u00e8re en \u00e9conomie Sociale et Familiale<\/strong>, accompagnantes d\u2019\u00e9l\u00e8ves en situation de handicap (<strong>A.E.S.H<\/strong>), technicienne d\u2019information sociale et familiale (<strong>T.I.S.F<\/strong>), j\u2019ai souhait\u00e9 continuer mon parcours professionnel en me formant \u00e0 l\u2019art-th\u00e9rapie.\u00a0<\/p>\n\n\n\n<p>Vers mes 35 ans, je suis sortie d\u2019une amn\u00e9sie traumatique, d\u2019une dur\u00e9e de 29 ans. J\u2019ai \u00e9t\u00e9 accompagn\u00e9e par une art- th\u00e9rapeute pour rentrer dans un processus de r\u00e9siliation. c\u2019est alors que j\u2019ai rencontr\u00e9 <strong>l\u2019art-th\u00e9rapie<\/strong>, ce qui est devenu une mission de vie.<\/p>\n<\/div><figure class=\"wp-block-media-text__media\"><img loading=\"lazy\" decoding=\"async\" width=\"768\" height=\"1024\" src=\"https:\/\/papillonbleu54.fr\/wp-content\/uploads\/2024\/12\/noelie-768x1024.png\" alt=\"\" class=\"wp-image-411 size-full\" srcset=\"https:\/\/papillonbleu54.fr\/wp-content\/uploads\/2024\/12\/noelie-768x1024.png 768w, https:\/\/papillonbleu54.fr\/wp-content\/uploads\/2024\/12\/noelie-225x300.png 225w, https:\/\/papillonbleu54.fr\/wp-content\/uploads\/2024\/12\/noelie.png 900w\" sizes=\"(max-width: 768px) 100vw, 768px\" \/><\/figure><\/div>\n\n\n\n<p>Une personne m\u2019a dit un jour : <em>\u00a0\u00bb Utilise ton c\u0153ur bris\u00e9 pour faire de l\u2019art <\/em>\u00a0\u00bb&nbsp;.<\/p>\n\n\n\n<p>C\u2019est ainsi apr\u00e8s un parcours m\u00e9dico-social de plus de 12 ans, et mes passions pour l&rsquo;art tel que l\u2019\u00e9criture, le th\u00e9\u00e2tre d\u2019improvisation, la sculpture, le dessin, et la peinture, que j\u2019ai souhait\u00e9 allier l\u2019art et le m\u00e9dical en devenant <strong>art- th\u00e9rapeute<\/strong>.  j\u2019ai donc suivie une formation d\u2019art-th\u00e9rapeute de 3 ans (de 2021 \u00e0 2023), avec l\u2019organisme Salamandre dans le Dr\u00f4me (26). <strong>J\u2019ai \u00e9t\u00e9 certifi\u00e9e en mars 2023.<\/strong> <\/p>\n\n\n\n<p>Aujourd&rsquo;hui, cela me permet donc d&rsquo;accompagner les personnes vers leur \u00e9lan de vie et \u00e0 gu\u00e9rir de leurs blessures par le biais de l\u2019art. Je suis une personne passionn\u00e9e et investie dans mon travail. La relation et le lien de l\u2019un \u00e0 l\u2019autre sont fondamentales dans ma pratique au quotidien.  <\/p>\n\n\n","protected":false},"excerpt":{"rendered":"<p>Riche de mes rencontres et de mes ann\u00e9es d\u2019exp\u00e9riences dans le domaine du m\u00e9dico-social en tant que Conseill\u00e8re en \u00e9conomie [&hellip;]<\/p>\n","protected":false},"author":1,"featured_media":0,"parent":0,"menu_order":0,"comment_status":"closed","ping_status":"closed","template":"","meta":{"site-sidebar-layout":"default","site-content-layout":"","ast-site-content-layout":"","site-content-style":"default","site-sidebar-style":"default","ast-global-header-display":"","ast-banner-title-visibility":"","ast-main-header-display":"","ast-hfb-above-header-display":"","ast-hfb-below-header-display":"","ast-hfb-mobile-header-display":"","site-post-title":"","ast-breadcrumbs-content":"","ast-featured-img":"","footer-sml-layout":"","theme-transparent-header-meta":"","adv-header-id-meta":"","stick-header-meta":"","header-above-stick-meta":"","header-main-stick-meta":"","header-below-stick-meta":"","astra-migrate-meta-layouts":"default","ast-page-background-enabled":"default","ast-page-background-meta":{"desktop":{"background-color":"var(--ast-global-color-4)","background-image":"","background-repeat":"repeat","background-position":"center center","background-size":"auto","background-attachment":"scroll","background-type":"","background-media":"","overlay-type":"","overlay-color":"","overlay-opacity":"","overlay-gradient":""},"tablet":{"background-color":"","background-image":"","background-repeat":"repeat","background-position":"center center","background-size":"auto","background-attachment":"scroll","background-type":"","background-media":"","overlay-type":"","overlay-color":"","overlay-opacity":"","overlay-gradient":""},"mobile":{"background-color":"","background-image":"","background-repeat":"repeat","background-position":"center center","background-size":"auto","background-attachment":"scroll","background-type":"","background-media":"","overlay-type":"","overlay-color":"","overlay-opacity":"","overlay-gradient":""}},"ast-content-background-meta":{"desktop":{"background-color":"var(--ast-global-color-5)","background-image":"","background-repeat":"repeat","background-position":"center center","background-size":"auto","background-attachment":"scroll","background-type":"","background-media":"","overlay-type":"","overlay-color":"","overlay-opacity":"","overlay-gradient":""},"tablet":{"background-color":"var(--ast-global-color-5)","background-image":"","background-repeat":"repeat","background-position":"center center","background-size":"auto","background-attachment":"scroll","background-type":"","background-media":"","overlay-type":"","overlay-color":"","overlay-opacity":"","overlay-gradient":""},"mobile":{"background-color":"var(--ast-global-color-5)","background-image":"","background-repeat":"repeat","background-position":"center center","background-size":"auto","background-attachment":"scroll","background-type":"","background-media":"","overlay-type":"","overlay-color":"","overlay-opacity":"","overlay-gradient":""}},"footnotes":""},"_links":{"self":[{"href":"https:\/\/papillonbleu54.fr\/index.php?rest_route=\/wp\/v2\/pages\/360"}],"collection":[{"href":"https:\/\/papillonbleu54.fr\/index.php?rest_route=\/wp\/v2\/pages"}],"about":[{"href":"https:\/\/papillonbleu54.fr\/index.php?rest_route=\/wp\/v2\/types\/page"}],"author":[{"embeddable":true,"href":"https:\/\/papillonbleu54.fr\/index.php?rest_route=\/wp\/v2\/users\/1"}],"replies":[{"embeddable":true,"href":"https:\/\/papillonbleu54.fr\/index.php?rest_route=%2Fwp%2Fv2%2Fcomments&post=360"}],"version-history":[{"count":4,"href":"https:\/\/papillonbleu54.fr\/index.php?rest_route=\/wp\/v2\/pages\/360\/revisions"}],"predecessor-version":[{"id":413,"href":"https:\/\/papillonbleu54.fr\/index.php?rest_route=\/wp\/v2\/pages\/360\/revisions\/413"}],"wp:attachment":[{"href":"https:\/\/papillonbleu54.fr\/index.php?rest_route=%2Fwp%2Fv2%2Fmedia&parent=360"}],"curies":[{"name":"wp","href":"https:\/\/api.w.org\/{rel}","templated":true}]}}