{"id":67,"date":"2022-10-15T17:59:14","date_gmt":"2022-10-15T15:59:14","guid":{"rendered":"https:\/\/papillonbleu54.fr\/?page_id=67"},"modified":"2024-12-11T15:12:29","modified_gmt":"2024-12-11T15:12:29","slug":"art-therapie","status":"publish","type":"page","link":"https:\/\/papillonbleu54.fr\/?page_id=67","title":{"rendered":"L&rsquo;Art-th\u00e9rapie"},"content":{"rendered":"\n<p>L\u2019art-th\u00e9rapie, c\u2019est une approche th\u00e9rapeutique qui vise le mieux-\u00eatre. Elle repose sur diverses pratiques artistiques, telles que le dessin, la peinture, le modelage, le th\u00e9\u00e2tre d&rsquo;improvisation ainsi que sur la psychologie pour explorer ses \u00e9motions et mieux se comprendre. Il est important de pr\u00e9ciser qu\u2019aucun talent artistique n\u2019est requis pour profiter des bienfaits de l\u2019art-th\u00e9rapie. Il s\u2019agit d\u2019une d\u00e9marche lib\u00e9ratrice et sans jugement, gr\u00e2ce \u00e0 la cr\u00e9ation.<\/p>\n\n\n\n<p>Pendant les s\u00e9ances et les ateliers, l\u2019acte cr\u00e9ateur est utilis\u00e9 pour appuyer la d\u00e9marche th\u00e9rapeutique, offrant \u00e0 tous un moment d\u2019introspection et de reconnexion avec soi.<\/p>\n\n\n\n<h2 class=\"wp-block-heading\">Et l\u2019art-th\u00e9rapeute?<\/h2>\n\n\n\n<p>L\u2019art- th\u00e9rapeute est un professionnel, qui oriente les aspects b\u00e9n\u00e9fiques de l\u2019art dans un cadre s\u00e9curisant. Il n\u2019interpr\u00e8te pas les productions et n\u2019\u00e9tablit pas de diagnostics.<br>Il est capable de guider et d\u2019accompagner sa client\u00e8le par la connaissance et l\u2019expertise qu\u2019il a d\u00e9velopp\u00e9 de l\u2019intervention<br>th\u00e9rapeutique, de la relation d\u2019aide, du processus cr\u00e9atif, des mat\u00e9riaux de cr\u00e9ation et de l\u2019utilisation de l\u2019image \u00e0 des fins<br>th\u00e9rapeutiques.<\/p>\n\n\n\n<p style=\"margin-top:var(--wp--preset--spacing--20);margin-bottom:var(--wp--preset--spacing--20)\">Dans ma pratique : <\/p>\n\n\n\n<ul style=\"margin-top:0;margin-bottom:0\">\n<li>je rep\u00e8re les besoins<\/li>\n\n\n\n<li style=\"margin-top:0;margin-bottom:0\">j\u2019\u00e9labore un projet th\u00e9rapeutique en fonction de ces derniers<\/li>\n<\/ul>\n\n\n\n<p><\/p>\n\n\n\n<h2 class=\"wp-block-heading has-large-font-size\">L\u2019art-th\u00e9rapie pour qui ?<\/h2>\n\n\n\n<p>L\u2019art- th\u00e9rapie concerne toutes les personnes \u00e9prouvant des difficult\u00e9s ou en recherche de d\u00e9veloppent personnel. Aucune ma\u00eetrise technique n\u2019est n\u00e9cessaire pour en b\u00e9n\u00e9ficier puisque le but \u00e0 atteindre n\u2019est pas la performance artistique mais le plaisir de l\u2019expression et de la d\u00e9marche cr\u00e9ative.<\/p>\n\n\n\n<h2 class=\"wp-block-heading has-large-font-size\">En clair, elle permet entre autre de :<\/h2>\n\n\n\n<ul>\n<li>Travailler la <strong>confiance en soi<\/strong><\/li>\n\n\n\n<li>Travailler sur l\u2019<strong>estime de soi<\/strong><\/li>\n\n\n\n<li>Apporter de <strong>la r\u00e9silience<\/strong><\/li>\n\n\n\n<li>Travailler sa <strong>gestion du stress<\/strong><\/li>\n\n\n\n<li>Am\u00e9liorer sa<strong> concentration<\/strong><\/li>\n\n\n\n<li>Apprendre \u00e0 <strong>g\u00e9rer ses \u00e9motions<\/strong><\/li>\n\n\n\n<li>Cr\u00e9er du<strong> lien<\/strong><\/li>\n\n\n\n<li>Permettre de l\u2019<strong>\u00e9change<\/strong><\/li>\n\n\n\n<li>Exprimer <strong>sa libert\u00e9 et son inventivit\u00e9<\/strong><\/li>\n\n\n\n<li>Permettre un <strong>contact sensuel et ludique<\/strong> avec la mati\u00e8re<\/li>\n\n\n\n<li>S\u2019<strong>amuser\/ se divertir<\/strong><\/li>\n\n\n\n<li>Favoriser la <strong>d\u00e9tente<\/strong><\/li>\n\n\n\n<li>\u2026<\/li>\n<\/ul>\n","protected":false},"excerpt":{"rendered":"<p>L\u2019art-th\u00e9rapie, c\u2019est une approche th\u00e9rapeutique qui vise le mieux-\u00eatre. Elle repose sur diverses pratiques artistiques, telles que le dessin, la [&hellip;]<\/p>\n","protected":false},"author":1,"featured_media":0,"parent":0,"menu_order":1,"comment_status":"closed","ping_status":"closed","template":"","meta":{"site-sidebar-layout":"default","site-content-layout":"","ast-site-content-layout":"","site-content-style":"default","site-sidebar-style":"default","ast-global-header-display":"","ast-banner-title-visibility":"","ast-main-header-display":"","ast-hfb-above-header-display":"","ast-hfb-below-header-display":"","ast-hfb-mobile-header-display":"","site-post-title":"","ast-breadcrumbs-content":"","ast-featured-img":"","footer-sml-layout":"","theme-transparent-header-meta":"","adv-header-id-meta":"","stick-header-meta":"","header-above-stick-meta":"","header-main-stick-meta":"","header-below-stick-meta":"","astra-migrate-meta-layouts":"default","ast-page-background-enabled":"default","ast-page-background-meta":{"desktop":{"background-color":"var(--ast-global-color-4)","background-image":"","background-repeat":"repeat","background-position":"center center","background-size":"auto","background-attachment":"scroll","background-type":"","background-media":"","overlay-type":"","overlay-color":"","overlay-opacity":"","overlay-gradient":""},"tablet":{"background-color":"","background-image":"","background-repeat":"repeat","background-position":"center center","background-size":"auto","background-attachment":"scroll","background-type":"","background-media":"","overlay-type":"","overlay-color":"","overlay-opacity":"","overlay-gradient":""},"mobile":{"background-color":"","background-image":"","background-repeat":"repeat","background-position":"center center","background-size":"auto","background-attachment":"scroll","background-type":"","background-media":"","overlay-type":"","overlay-color":"","overlay-opacity":"","overlay-gradient":""}},"ast-content-background-meta":{"desktop":{"background-color":"var(--ast-global-color-5)","background-image":"","background-repeat":"repeat","background-position":"center center","background-size":"auto","background-attachment":"scroll","background-type":"","background-media":"","overlay-type":"","overlay-color":"","overlay-opacity":"","overlay-gradient":""},"tablet":{"background-color":"var(--ast-global-color-5)","background-image":"","background-repeat":"repeat","background-position":"center center","background-size":"auto","background-attachment":"scroll","background-type":"","background-media":"","overlay-type":"","overlay-color":"","overlay-opacity":"","overlay-gradient":""},"mobile":{"background-color":"var(--ast-global-color-5)","background-image":"","background-repeat":"repeat","background-position":"center center","background-size":"auto","background-attachment":"scroll","background-type":"","background-media":"","overlay-type":"","overlay-color":"","overlay-opacity":"","overlay-gradient":""}},"footnotes":""},"_links":{"self":[{"href":"https:\/\/papillonbleu54.fr\/index.php?rest_route=\/wp\/v2\/pages\/67"}],"collection":[{"href":"https:\/\/papillonbleu54.fr\/index.php?rest_route=\/wp\/v2\/pages"}],"about":[{"href":"https:\/\/papillonbleu54.fr\/index.php?rest_route=\/wp\/v2\/types\/page"}],"author":[{"embeddable":true,"href":"https:\/\/papillonbleu54.fr\/index.php?rest_route=\/wp\/v2\/users\/1"}],"replies":[{"embeddable":true,"href":"https:\/\/papillonbleu54.fr\/index.php?rest_route=%2Fwp%2Fv2%2Fcomments&post=67"}],"version-history":[{"count":21,"href":"https:\/\/papillonbleu54.fr\/index.php?rest_route=\/wp\/v2\/pages\/67\/revisions"}],"predecessor-version":[{"id":405,"href":"https:\/\/papillonbleu54.fr\/index.php?rest_route=\/wp\/v2\/pages\/67\/revisions\/405"}],"wp:attachment":[{"href":"https:\/\/papillonbleu54.fr\/index.php?rest_route=%2Fwp%2Fv2%2Fmedia&parent=67"}],"curies":[{"name":"wp","href":"https:\/\/api.w.org\/{rel}","templated":true}]}}